{"id":16,"date":"2024-12-17T19:38:52","date_gmt":"2024-12-17T19:38:52","guid":{"rendered":"https:\/\/okadmin.previewvanwebsite.nl\/contact-us\/"},"modified":"2025-09-08T12:04:01","modified_gmt":"2025-09-08T12:04:01","slug":"contact-us","status":"publish","type":"page","link":"https:\/\/okadmin.previewvanwebsite.nl\/pl\/contact-us\/","title":{"rendered":"Contact Us"},"content":{"rendered":"<div data-elementor-type=\"wp-page\" data-elementor-id=\"16\" class=\"elementor elementor-16\">\n\t\t\t\t<div class=\"elementor-element elementor-element-24c16cf6 e-flex e-con-boxed e-con e-parent\" data-id=\"24c16cf6\" data-element_type=\"container\">\n\t\t\t\t\t<div class=\"e-con-inner\">\n\t\t<div class=\"elementor-element elementor-element-71f79242 e-con-full e-flex e-con e-child\" data-id=\"71f79242\" data-element_type=\"container\">\n\t\t\t\t<div class=\"elementor-element elementor-element-4083a1f8 elementor-invisible elementor-widget elementor-widget-heading\" data-id=\"4083a1f8\" data-element_type=\"widget\" data-settings=\"{&quot;_animation&quot;:&quot;fadeIn&quot;}\" data-widget_type=\"heading.default\">\n\t\t\t\t<div class=\"elementor-widget-container\">\n\t\t\t\t\t<h2 class=\"elementor-heading-title elementor-size-default\">Kontakt <\/h2>\t\t\t\t<\/div>\n\t\t\t\t<\/div>\n\t\t\t\t<div class=\"elementor-element elementor-element-6eec4499 elementor-widget elementor-widget-text-editor\" data-id=\"6eec4499\" data-element_type=\"widget\" data-widget_type=\"text-editor.default\">\n\t\t\t\t<div class=\"elementor-widget-container\">\n\t\t\t\t\t\t\t\t\t<p>Masz pytania lub chcesz porozmawia\u0107 bez zobowi\u0105za\u0144? Skontaktuj si\u0119 z nami \u2014 ch\u0119tnie Ci pomo\u017cemy!<\/p>\t\t\t\t\t\t\t\t<\/div>\n\t\t\t\t<\/div>\n\t\t\t\t<div class=\"elementor-element elementor-element-31631ec elementor-widget elementor-widget-button\" data-id=\"31631ec\" data-element_type=\"widget\" data-settings=\"{&quot;_animation&quot;:&quot;none&quot;}\" data-widget_type=\"button.default\">\n\t\t\t\t<div class=\"elementor-widget-container\">\n\t\t\t\t\t\t\t\t\t<div class=\"elementor-button-wrapper\">\n\t\t\t\t\t<a class=\"elementor-button elementor-button-link elementor-size-sm\" href=\"#afspraak-formulier\">\n\t\t\t\t\t\t<span class=\"elementor-button-content-wrapper\">\n\t\t\t\t\t\t\t\t\t<span class=\"elementor-button-text\">Um\u00f3w spotkanie<\/span>\n\t\t\t\t\t<\/span>\n\t\t\t\t\t<\/a>\n\t\t\t\t<\/div>\n\t\t\t\t\t\t\t\t<\/div>\n\t\t\t\t<\/div>\n\t\t\t\t<\/div>\n\t\t<div class=\"elementor-element elementor-element-68890400 e-con-full e-flex e-con e-child\" data-id=\"68890400\" data-element_type=\"container\" data-settings=\"{&quot;background_background&quot;:&quot;classic&quot;}\">\n\t\t\t\t<\/div>\n\t\t\t\t\t<\/div>\n\t\t\t\t<\/div>\n\t\t<div class=\"elementor-element elementor-element-2696f443 e-flex e-con-boxed e-con e-parent\" data-id=\"2696f443\" data-element_type=\"container\">\n\t\t\t\t\t<div class=\"e-con-inner\">\n\t\t<div class=\"elementor-element elementor-element-11889d7b e-con-full e-flex e-con e-child\" data-id=\"11889d7b\" data-element_type=\"container\" data-settings=\"{&quot;background_background&quot;:&quot;classic&quot;}\">\n\t\t\t\t<div class=\"elementor-element elementor-element-de400a4 elementor-widget elementor-widget-image\" data-id=\"de400a4\" data-element_type=\"widget\" data-widget_type=\"image.default\">\n\t\t\t\t<div class=\"elementor-widget-container\">\n\t\t\t\t\t\t\t\t\t\t\t\t\t\t\t\t<a href=\"https:\/\/www.google.nl\/maps\/place\/Clothildestraat+267,+2033+LW+Haarlem\/@52.3709455,4.6431296,17.19z\/data=!4m6!3m5!1s0x47c5ef5b4212f691:0x895e216637a4eca0!8m2!3d52.3705048!4d4.6449755!16s%2Fg%2F11vs373m5d?entry=ttu&#038;g_ep=EgoyMDI1MDIyNC4wIKXMDSoASAFQAw%3D%3D\">\n\t\t\t\t\t\t\t<img fetchpriority=\"high\" decoding=\"async\" width=\"1422\" height=\"798\" src=\"https:\/\/okadmin.previewvanwebsite.nl\/wp-content\/uploads\/2025\/04\/Foto-07-04-2025-om-11.23.jpeg\" class=\"attachment-full size-full wp-image-150\" alt=\"\" srcset=\"https:\/\/okadmin.previewvanwebsite.nl\/wp-content\/uploads\/2025\/04\/Foto-07-04-2025-om-11.23.jpeg 1422w, https:\/\/okadmin.previewvanwebsite.nl\/wp-content\/uploads\/2025\/04\/Foto-07-04-2025-om-11.23-300x168.jpeg 300w, https:\/\/okadmin.previewvanwebsite.nl\/wp-content\/uploads\/2025\/04\/Foto-07-04-2025-om-11.23-1024x575.jpeg 1024w, https:\/\/okadmin.previewvanwebsite.nl\/wp-content\/uploads\/2025\/04\/Foto-07-04-2025-om-11.23-768x431.jpeg 768w\" sizes=\"(max-width: 1422px) 100vw, 1422px\" \/>\t\t\t\t\t\t\t\t<\/a>\n\t\t\t\t\t\t\t\t\t\t\t\t\t\t\t<\/div>\n\t\t\t\t<\/div>\n\t\t\t\t<\/div>\n\t\t<div class=\"elementor-element elementor-element-6d81f5d7 e-con-full e-flex e-con e-child\" data-id=\"6d81f5d7\" data-element_type=\"container\">\n\t\t\t\t<div class=\"elementor-element elementor-element-6124a2a4 elementor-icon-list--layout-traditional elementor-list-item-link-full_width elementor-widget elementor-widget-icon-list\" data-id=\"6124a2a4\" data-element_type=\"widget\" data-widget_type=\"icon-list.default\">\n\t\t\t\t<div class=\"elementor-widget-container\">\n\t\t\t\t\t\t\t<ul class=\"elementor-icon-list-items\">\n\t\t\t\t\t\t\t<li class=\"elementor-icon-list-item\">\n\t\t\t\t\t\t\t\t\t\t<span class=\"elementor-icon-list-text\"><b>Adres:<\/b> Clothildestraat  267, 2033 LW Haarlem<\/span>\n\t\t\t\t\t\t\t\t\t<\/li>\n\t\t\t\t\t\t\t\t<li class=\"elementor-icon-list-item\">\n\t\t\t\t\t\t\t\t\t\t<span class=\"elementor-icon-list-text\"><b>Dost\u0119pny<\/b> Po-Pi 9:00 - 18:00<\/span>\n\t\t\t\t\t\t\t\t\t<\/li>\n\t\t\t\t\t\t\t\t<li class=\"elementor-icon-list-item\">\n\t\t\t\t\t\t\t\t\t\t<span class=\"elementor-icon-list-text\"><b>Telefon:<\/b> +31 614161242<\/span>\n\t\t\t\t\t\t\t\t\t<\/li>\n\t\t\t\t\t\t\t\t<li class=\"elementor-icon-list-item\">\n\t\t\t\t\t\t\t\t\t\t<span class=\"elementor-icon-list-text\"><b>Email:<\/b> info@okadmin.nl<\/span>\n\t\t\t\t\t\t\t\t\t<\/li>\n\t\t\t\t\t\t<\/ul>\n\t\t\t\t\t\t<\/div>\n\t\t\t\t<\/div>\n\t\t\t\t<\/div>\n\t\t\t\t\t<\/div>\n\t\t\t\t<\/div>\n\t\t<div class=\"elementor-element elementor-element-48913aa e-flex e-con-boxed e-con e-parent\" data-id=\"48913aa\" data-element_type=\"container\">\n\t\t\t\t\t<div class=\"e-con-inner\">\n\t\t\t\t<div class=\"elementor-element elementor-element-d8d7cfe elementor-widget elementor-widget-wpforms\" data-id=\"d8d7cfe\" data-element_type=\"widget\" id=\"afspraak-formulier\" data-widget_type=\"wpforms.default\">\n\t\t\t\t<div class=\"elementor-widget-container\">\n\t\t\t\t\t<style id=\"wpforms-css-vars-elementor-widget-d8d7cfe\">\n\t\t\t\t.elementor-widget-wpforms.elementor-element-d8d7cfe {\n\t\t\t\t--wpforms-field-size-input-height: 43px;\n--wpforms-field-size-input-spacing: 15px;\n--wpforms-field-size-font-size: 16px;\n--wpforms-field-size-line-height: 19px;\n--wpforms-field-size-padding-h: 14px;\n--wpforms-field-size-checkbox-size: 16px;\n--wpforms-field-size-sublabel-spacing: 5px;\n--wpforms-field-size-icon-size: 1;\n--wpforms-label-size-font-size: 16px;\n--wpforms-label-size-line-height: 19px;\n--wpforms-label-size-sublabel-font-size: 14px;\n--wpforms-label-size-sublabel-line-height: 17px;\n--wpforms-button-size-font-size: 17px;\n--wpforms-button-size-height: 41px;\n--wpforms-button-size-padding-h: 15px;\n--wpforms-button-size-margin-top: 10px;\n\n\t\t\t}\n\t\t\t<\/style><div class=\"wpforms-container wpforms-container-full wpforms-render-modern\" id=\"wpforms-172\"><form id=\"wpforms-form-172\" class=\"wpforms-validate wpforms-form wpforms-ajax-form\" data-formid=\"172\" method=\"post\" enctype=\"multipart\/form-data\" action=\"\/pl\/wp-json\/wp\/v2\/pages\/16\" data-token=\"7fad5d84343ad34a230ed5c627136269\" data-token-time=\"1775408396\" data-trp-original-action=\"\/pl\/wp-json\/wp\/v2\/pages\/16\"><div class=\"wpforms-head-container\"><div class=\"wpforms-title\">Um\u00f3w spotkanie<\/div><\/div><noscript class=\"wpforms-error-noscript\">Aby wype\u0142ni\u0107 ten formularz, w\u0142\u0105cz obs\u0142ug\u0119 JavaScript w przegl\u0105darce.<\/noscript><div class=\"wpforms-hidden\" id=\"wpforms-error-noscript\">Aby wype\u0142ni\u0107 ten formularz, w\u0142\u0105cz obs\u0142ug\u0119 JavaScript w przegl\u0105darce.<\/div><div class=\"wpforms-field-container\"><div id=\"wpforms-172-field_1-container\" class=\"wpforms-field wpforms-field-name\" data-field-id=\"1\"><fieldset><legend class=\"wpforms-field-label\">Naam <span class=\"wpforms-required-label\" aria-hidden=\"true\">*<\/span><\/legend><div class=\"wpforms-field-row wpforms-field-medium\"><div class=\"wpforms-field-row-block wpforms-first wpforms-one-half\"><input type=\"text\" id=\"wpforms-172-field_1\" class=\"wpforms-field-name-first wpforms-field-required\" name=\"wpforms[fields][1][first]\" aria-errormessage=\"wpforms-172-field_1-error\" required><label for=\"wpforms-172-field_1\" class=\"wpforms-field-sublabel after\">Imi\u0119<\/label><\/div><div class=\"wpforms-field-row-block wpforms-one-half\"><input type=\"text\" id=\"wpforms-172-field_1-last\" class=\"wpforms-field-name-last wpforms-field-required\" name=\"wpforms[fields][1][last]\" aria-errormessage=\"wpforms-172-field_1-last-error\" required><label for=\"wpforms-172-field_1-last\" class=\"wpforms-field-sublabel after\">Nazwisko<\/label><\/div><\/div><\/fieldset><\/div><div id=\"wpforms-172-field_2-container\" class=\"wpforms-field wpforms-field-email\" data-field-id=\"2\"><label class=\"wpforms-field-label\" for=\"wpforms-172-field_2\">E-mail <span class=\"wpforms-required-label\" aria-hidden=\"true\">*<\/span><\/label><input type=\"email\" id=\"wpforms-172-field_2\" class=\"wpforms-field-medium wpforms-field-required\" name=\"wpforms[fields][2]\" spellcheck=\"false\" aria-errormessage=\"wpforms-172-field_2-error\" required><\/div><div id=\"wpforms-172-field_3-container\" class=\"wpforms-field wpforms-field-textarea\" data-field-id=\"3\"><label class=\"wpforms-field-label\" for=\"wpforms-172-field_3\">Reactie of bericht<\/label><textarea id=\"wpforms-172-field_3\" class=\"wpforms-field-medium\" name=\"wpforms[fields][3]\" aria-errormessage=\"wpforms-172-field_3-error\" ><\/textarea><\/div><\/div><!-- .wpforms-field-container --><div class=\"wpforms-submit-container\" ><input type=\"hidden\" name=\"wpforms[id]\" value=\"172\"><input type=\"hidden\" name=\"page_title\" value=\"\"><input type=\"hidden\" name=\"page_url\" value=\"https:\/\/okadmin.previewvanwebsite.nl\/pl\/wp-json\/wp\/v2\/pages\/16\"><input type=\"hidden\" name=\"url_referer\" value=\"\"><button type=\"submit\" name=\"wpforms[submit]\" id=\"wpforms-submit-172\" class=\"wpforms-submit\" data-alt-text=\"Verzenden...\" data-submit-text=\"Verzend\" aria-live=\"assertive\" value=\"wpforms-submit\">Wy\u015blij<\/button><img decoding=\"async\" src=\"https:\/\/okadmin.previewvanwebsite.nl\/wp-content\/plugins\/wpforms-lite\/assets\/images\/submit-spin.svg\" class=\"wpforms-submit-spinner\" style=\"display: none;\" width=\"26\" height=\"26\" alt=\"Wczytywanie\"><\/div><input type=\"hidden\" name=\"trp-form-language\" value=\"pl\"\/><\/form><\/div>  <!-- .wpforms-container -->\t\t\t\t<\/div>\n\t\t\t\t<\/div>\n\t\t\t\t\t<\/div>\n\t\t\t\t<\/div>\n\t\t\t\t<\/div>","protected":false},"excerpt":{"rendered":"<p>Contact Heeft u vragen of wilt u een vrijblijvend gesprek? Neem gerust contact met ons op. Wij helpen u graag verder! Maak een afspraak Addres: Clothildestraat 267, 2033 LW Haarlem Bereikbaar: Ma-Vr 9:00 &#8211; 18:00 Telefoon: +31 614161242 Email: info@okadmin.nl Maak een afspraakSchakel JavaScript in je browser in om dit formulier in te vullen.Schakel JavaScript [&hellip;]<\/p>","protected":false},"author":1,"featured_media":0,"parent":0,"menu_order":0,"comment_status":"closed","ping_status":"closed","template":"elementor_header_footer","meta":{"footnotes":""},"class_list":["post-16","page","type-page","status-publish","hentry"],"yoast_head":"<!-- This site is optimized with the Yoast SEO plugin v24.8 - https:\/\/yoast.com\/wordpress\/plugins\/seo\/ -->\n<title>Contact Us - ...... . OK Admin<\/title>\n<meta name=\"robots\" content=\"noindex, follow, max-snippet:-1, max-image-preview:large, max-video-preview:-1\" \/>\n<meta property=\"og:locale\" content=\"pl_PL\" \/>\n<meta property=\"og:type\" content=\"article\" \/>\n<meta property=\"og:title\" content=\"Contact Us - ...... . OK Admin\" \/>\n<meta property=\"og:description\" content=\"Contact Heeft u vragen of wilt u een vrijblijvend gesprek? Neem gerust contact met ons op. Wij helpen u graag verder! Maak een afspraak Addres: Clothildestraat 267, 2033 LW Haarlem Bereikbaar: Ma-Vr 9:00 &#8211; 18:00 Telefoon: +31 614161242 Email: info@okadmin.nl Maak een afspraakSchakel JavaScript in je browser in om dit formulier in te vullen.Schakel JavaScript [&hellip;]\" \/>\n<meta property=\"og:url\" content=\"https:\/\/okadmin.previewvanwebsite.nl\/pl\/contact-us\/\" \/>\n<meta property=\"og:site_name\" content=\"...... . OK Admin\" \/>\n<meta property=\"article:modified_time\" content=\"2025-09-08T12:04:01+00:00\" \/>\n<meta property=\"og:image\" content=\"https:\/\/okadmin.previewvanwebsite.nl\/wp-content\/uploads\/2025\/04\/Foto-07-04-2025-om-11.23.jpeg\" \/>\n\t<meta property=\"og:image:width\" content=\"1422\" \/>\n\t<meta property=\"og:image:height\" content=\"798\" \/>\n\t<meta property=\"og:image:type\" content=\"image\/jpeg\" \/>\n<meta name=\"twitter:card\" content=\"summary_large_image\" \/>\n<meta name=\"twitter:label1\" content=\"Szacowany czas czytania\" \/>\n\t<meta name=\"twitter:data1\" content=\"1 minuta\" \/>\n<script type=\"application\/ld+json\" class=\"yoast-schema-graph\">{\"@context\":\"https:\/\/schema.org\",\"@graph\":[{\"@type\":\"WebPage\",\"@id\":\"https:\/\/okadmin.previewvanwebsite.nl\/contact-us\/\",\"url\":\"https:\/\/okadmin.previewvanwebsite.nl\/contact-us\/\",\"name\":\"Contact Us - ...... . OK Admin\",\"isPartOf\":{\"@id\":\"https:\/\/okadmin.previewvanwebsite.nl\/#website\"},\"primaryImageOfPage\":{\"@id\":\"https:\/\/okadmin.previewvanwebsite.nl\/contact-us\/#primaryimage\"},\"image\":{\"@id\":\"https:\/\/okadmin.previewvanwebsite.nl\/contact-us\/#primaryimage\"},\"thumbnailUrl\":\"https:\/\/okadmin.previewvanwebsite.nl\/wp-content\/uploads\/2025\/04\/Foto-07-04-2025-om-11.23.jpeg\",\"datePublished\":\"2024-12-17T19:38:52+00:00\",\"dateModified\":\"2025-09-08T12:04:01+00:00\",\"breadcrumb\":{\"@id\":\"https:\/\/okadmin.previewvanwebsite.nl\/contact-us\/#breadcrumb\"},\"inLanguage\":\"pl-PL\",\"potentialAction\":[{\"@type\":\"ReadAction\",\"target\":[\"https:\/\/okadmin.previewvanwebsite.nl\/contact-us\/\"]}]},{\"@type\":\"ImageObject\",\"inLanguage\":\"pl-PL\",\"@id\":\"https:\/\/okadmin.previewvanwebsite.nl\/contact-us\/#primaryimage\",\"url\":\"https:\/\/okadmin.previewvanwebsite.nl\/wp-content\/uploads\/2025\/04\/Foto-07-04-2025-om-11.23.jpeg\",\"contentUrl\":\"https:\/\/okadmin.previewvanwebsite.nl\/wp-content\/uploads\/2025\/04\/Foto-07-04-2025-om-11.23.jpeg\"},{\"@type\":\"BreadcrumbList\",\"@id\":\"https:\/\/okadmin.previewvanwebsite.nl\/contact-us\/#breadcrumb\",\"itemListElement\":[{\"@type\":\"ListItem\",\"position\":1,\"name\":\"Home\",\"item\":\"https:\/\/okadmin.previewvanwebsite.nl\/\"},{\"@type\":\"ListItem\",\"position\":2,\"name\":\"Contact Us\"}]},{\"@type\":\"WebSite\",\"@id\":\"https:\/\/okadmin.previewvanwebsite.nl\/#website\",\"url\":\"https:\/\/okadmin.previewvanwebsite.nl\/\",\"name\":\"...... . OK Admin\",\"description\":\"\",\"potentialAction\":[{\"@type\":\"SearchAction\",\"target\":{\"@type\":\"EntryPoint\",\"urlTemplate\":\"https:\/\/okadmin.previewvanwebsite.nl\/?s={search_term_string}\"},\"query-input\":{\"@type\":\"PropertyValueSpecification\",\"valueRequired\":true,\"valueName\":\"search_term_string\"}}],\"inLanguage\":\"pl-PL\"}]}<\/script>\n<!-- \/ Yoast SEO plugin. -->","yoast_head_json":{"title":"Contact Us - ...... . OK Admin","robots":{"index":"noindex","follow":"follow","max-snippet":"max-snippet:-1","max-image-preview":"max-image-preview:large","max-video-preview":"max-video-preview:-1"},"og_locale":"pl_PL","og_type":"article","og_title":"Contact Us - ...... . OK Admin","og_description":"Contact Heeft u vragen of wilt u een vrijblijvend gesprek? Neem gerust contact met ons op. Wij helpen u graag verder! Maak een afspraak Addres: Clothildestraat 267, 2033 LW Haarlem Bereikbaar: Ma-Vr 9:00 &#8211; 18:00 Telefoon: +31 614161242 Email: info@okadmin.nl Maak een afspraakSchakel JavaScript in je browser in om dit formulier in te vullen.Schakel JavaScript [&hellip;]","og_url":"https:\/\/okadmin.previewvanwebsite.nl\/pl\/contact-us\/","og_site_name":"...... . OK Admin","article_modified_time":"2025-09-08T12:04:01+00:00","og_image":[{"width":1422,"height":798,"url":"https:\/\/okadmin.previewvanwebsite.nl\/wp-content\/uploads\/2025\/04\/Foto-07-04-2025-om-11.23.jpeg","type":"image\/jpeg"}],"twitter_card":"summary_large_image","twitter_misc":{"Szacowany czas czytania":"1 minuta"},"schema":{"@context":"https:\/\/schema.org","@graph":[{"@type":"WebPage","@id":"https:\/\/okadmin.previewvanwebsite.nl\/contact-us\/","url":"https:\/\/okadmin.previewvanwebsite.nl\/contact-us\/","name":"Contact Us - ...... . OK Admin","isPartOf":{"@id":"https:\/\/okadmin.previewvanwebsite.nl\/#website"},"primaryImageOfPage":{"@id":"https:\/\/okadmin.previewvanwebsite.nl\/contact-us\/#primaryimage"},"image":{"@id":"https:\/\/okadmin.previewvanwebsite.nl\/contact-us\/#primaryimage"},"thumbnailUrl":"https:\/\/okadmin.previewvanwebsite.nl\/wp-content\/uploads\/2025\/04\/Foto-07-04-2025-om-11.23.jpeg","datePublished":"2024-12-17T19:38:52+00:00","dateModified":"2025-09-08T12:04:01+00:00","breadcrumb":{"@id":"https:\/\/okadmin.previewvanwebsite.nl\/contact-us\/#breadcrumb"},"inLanguage":"pl-PL","potentialAction":[{"@type":"ReadAction","target":["https:\/\/okadmin.previewvanwebsite.nl\/contact-us\/"]}]},{"@type":"ImageObject","inLanguage":"pl-PL","@id":"https:\/\/okadmin.previewvanwebsite.nl\/contact-us\/#primaryimage","url":"https:\/\/okadmin.previewvanwebsite.nl\/wp-content\/uploads\/2025\/04\/Foto-07-04-2025-om-11.23.jpeg","contentUrl":"https:\/\/okadmin.previewvanwebsite.nl\/wp-content\/uploads\/2025\/04\/Foto-07-04-2025-om-11.23.jpeg"},{"@type":"BreadcrumbList","@id":"https:\/\/okadmin.previewvanwebsite.nl\/contact-us\/#breadcrumb","itemListElement":[{"@type":"ListItem","position":1,"name":"Home","item":"https:\/\/okadmin.previewvanwebsite.nl\/"},{"@type":"ListItem","position":2,"name":"Contact Us"}]},{"@type":"WebSite","@id":"https:\/\/okadmin.previewvanwebsite.nl\/#website","url":"https:\/\/okadmin.previewvanwebsite.nl\/","name":"...... . OK Admin","description":"","potentialAction":[{"@type":"SearchAction","target":{"@type":"EntryPoint","urlTemplate":"https:\/\/okadmin.previewvanwebsite.nl\/?s={search_term_string}"},"query-input":{"@type":"PropertyValueSpecification","valueRequired":true,"valueName":"search_term_string"}}],"inLanguage":"pl-PL"}]}},"_links":{"self":[{"href":"https:\/\/okadmin.previewvanwebsite.nl\/pl\/wp-json\/wp\/v2\/pages\/16","targetHints":{"allow":["GET"]}}],"collection":[{"href":"https:\/\/okadmin.previewvanwebsite.nl\/pl\/wp-json\/wp\/v2\/pages"}],"about":[{"href":"https:\/\/okadmin.previewvanwebsite.nl\/pl\/wp-json\/wp\/v2\/types\/page"}],"author":[{"embeddable":true,"href":"https:\/\/okadmin.previewvanwebsite.nl\/pl\/wp-json\/wp\/v2\/users\/1"}],"replies":[{"embeddable":true,"href":"https:\/\/okadmin.previewvanwebsite.nl\/pl\/wp-json\/wp\/v2\/comments?post=16"}],"version-history":[{"count":58,"href":"https:\/\/okadmin.previewvanwebsite.nl\/pl\/wp-json\/wp\/v2\/pages\/16\/revisions"}],"predecessor-version":[{"id":395,"href":"https:\/\/okadmin.previewvanwebsite.nl\/pl\/wp-json\/wp\/v2\/pages\/16\/revisions\/395"}],"wp:attachment":[{"href":"https:\/\/okadmin.previewvanwebsite.nl\/pl\/wp-json\/wp\/v2\/media?parent=16"}],"curies":[{"name":"wp","href":"https:\/\/api.w.org\/{rel}","templated":true}]}}