{"id":32,"date":"2024-12-17T19:38:54","date_gmt":"2024-12-17T19:38:54","guid":{"rendered":"https:\/\/okadmin.previewvanwebsite.nl\/our-story\/"},"modified":"2025-04-10T10:11:31","modified_gmt":"2025-04-10T10:11:31","slug":"our-story","status":"publish","type":"page","link":"https:\/\/okadmin.previewvanwebsite.nl\/pl\/our-story\/","title":{"rendered":"Our Story"},"content":{"rendered":"<div data-elementor-type=\"wp-page\" data-elementor-id=\"32\" class=\"elementor elementor-32\">\n\t\t\t\t<div class=\"elementor-element elementor-element-47a8853c e-con-full e-flex e-con e-parent\" data-id=\"47a8853c\" data-element_type=\"container\">\n\t\t<div class=\"elementor-element elementor-element-17565af1 e-con-full e-flex e-con e-child\" data-id=\"17565af1\" data-element_type=\"container\" data-settings=\"{&quot;background_background&quot;:&quot;classic&quot;}\">\n\t\t\t\t<\/div>\n\t\t<div class=\"elementor-element elementor-element-8734fb e-con-full e-flex e-con e-child\" data-id=\"8734fb\" data-element_type=\"container\">\n\t\t\t\t<div class=\"elementor-element elementor-element-12836e92 elementor-widget elementor-widget-heading\" data-id=\"12836e92\" data-element_type=\"widget\" data-widget_type=\"heading.default\">\n\t\t\t\t<div class=\"elementor-widget-container\">\n\t\t\t\t\t<h6 class=\"elementor-heading-title elementor-size-default\"><i>Dzi\u0119ki OKADMIN dok\u0142adnie wiesz, czego si\u0119 spodziewa\u0107<\/i><\/h6>\t\t\t\t<\/div>\n\t\t\t\t<\/div>\n\t\t\t\t<div class=\"elementor-element elementor-element-3fd0410 elementor-widget elementor-widget-heading\" data-id=\"3fd0410\" data-element_type=\"widget\" data-widget_type=\"heading.default\">\n\t\t\t\t<div class=\"elementor-widget-container\">\n\t\t\t\t\t<h1 class=\"elementor-heading-title elementor-size-default\">O nas<\/h1>\t\t\t\t<\/div>\n\t\t\t\t<\/div>\n\t\t\t\t<div class=\"elementor-element elementor-element-662ba29b elementor-invisible elementor-widget elementor-widget-text-editor\" data-id=\"662ba29b\" data-element_type=\"widget\" data-settings=\"{&quot;_animation&quot;:&quot;fadeIn&quot;,&quot;_animation_delay&quot;:400}\" data-widget_type=\"text-editor.default\">\n\t\t\t\t<div class=\"elementor-widget-container\">\n\t\t\t\t\t\t\t\t\t<p class=\"\" data-start=\"235\" data-end=\"544\">W OKADMIN wszystko opiera si\u0119 na przejrzysto\u015bci, niezawodno\u015bci i osobistym kontakcie. Jeste\u015bmy nowoczesnym biurem rachunkowym, kt\u00f3re wspiera przedsi\u0119biorc\u00f3w w prowadzeniu ksi\u0119gowo\u015bci, sprawach podatkowych i planowaniu finansowym. Niezale\u017cnie od tego, czy dopiero zaczynasz, czy prowadzisz firm\u0119 od lat \u2013 wspieramy Ci\u0119 na ka\u017cdym kroku i dbamy o to, aby Twoje dane finansowe by\u0142y poprawne.<\/p><p class=\"\" data-start=\"546\" data-end=\"801\">Lubimy to robi\u0107 prosto, bez trudnych s\u0142\u00f3w. U nas nie otrzymasz standardowej opowie\u015bci, lecz prawdziwe porady dopasowane do Ciebie i Twojej firmy. Odci\u0105\u017camy Ci\u0119 z obowi\u0105zk\u00f3w, aby\u015b m\u00f3g\u0142 skupi\u0107 si\u0119 na tym, co lubisz najbardziej: rozwijaniu swojego biznesu.<\/p><p class=\"\" data-start=\"803\" data-end=\"940\">Z OKADMIN masz kr\u00f3tkie \u015bcie\u017cki kontaktu, sta\u0142ych opiekun\u00f3w i podej\u015bcie idealnie dopasowane do Ciebie. Osobi\u015bcie, zaanga\u017cowanie i pe\u0142na przejrzysto\u015b\u0107.<\/p><p class=\"\" data-start=\"803\" data-end=\"940\">\u00a0<\/p>\t\t\t\t\t\t\t\t<\/div>\n\t\t\t\t<\/div>\n\t\t\t\t<\/div>\n\t\t\t\t<\/div>\n\t\t<div class=\"elementor-element elementor-element-243b162b e-con-full e-flex e-con e-parent\" data-id=\"243b162b\" data-element_type=\"container\">\n\t\t<div class=\"elementor-element elementor-element-46fd6c19 e-con-full e-flex e-con e-child\" data-id=\"46fd6c19\" data-element_type=\"container\">\n\t\t\t\t<div class=\"elementor-element elementor-element-642346c5 elementor-widget elementor-widget-heading\" data-id=\"642346c5\" data-element_type=\"widget\" data-widget_type=\"heading.default\">\n\t\t\t\t<div class=\"elementor-widget-container\">\n\t\t\t\t\t<h2 class=\"elementor-heading-title elementor-size-default\">Nasza misja<\/h2>\t\t\t\t<\/div>\n\t\t\t\t<\/div>\n\t\t\t\t<div class=\"elementor-element elementor-element-14575f6a elementor-widget__width-initial elementor-widget-mobile__width-inherit elementor-widget elementor-widget-text-editor\" data-id=\"14575f6a\" data-element_type=\"widget\" data-widget_type=\"text-editor.default\">\n\t\t\t\t<div class=\"elementor-widget-container\">\n\t\t\t\t\t\t\t\t\t<p class=\"\" data-start=\"233\" data-end=\"458\">Nasz\u0105 misj\u0105 jest odci\u0105\u017cenie przedsi\u0119biorc\u00f3w poprzez przejrzyst\u0105 i dost\u0119pn\u0105 ksi\u0119gowo\u015b\u0107. Chcemy, aby prowadzenie ksi\u0119gowo\u015bci i spraw podatkowych by\u0142o zrozumia\u0142e dla ka\u017cdego \u2014 bez zb\u0119dnego zamieszania, trudnych termin\u00f3w i niespodzianek.<\/p><p class=\"\" data-start=\"460\" data-end=\"634\">W OKADMIN stawiamy na zaufanie, zaanga\u017cowanie i praktyczne wsparcie. Chcemy pomaga\u0107 przedsi\u0119biorcom w rozwoju, przynosz\u0105c porz\u0105dek i spok\u00f3j w ich sytuacji finansowej.<\/p>\t\t\t\t\t\t\t\t<\/div>\n\t\t\t\t<\/div>\n\t\t\t\t<\/div>\n\t\t<div class=\"elementor-element elementor-element-e1c9ce9 e-con-full e-flex e-con e-child\" data-id=\"e1c9ce9\" data-element_type=\"container\" data-settings=\"{&quot;background_background&quot;:&quot;classic&quot;}\">\n\t\t\t\t<div class=\"elementor-element elementor-element-1105a178 elementor-widget elementor-widget-image\" data-id=\"1105a178\" data-element_type=\"widget\" data-widget_type=\"image.default\">\n\t\t\t\t<div class=\"elementor-widget-container\">\n\t\t\t\t\t\t\t\t\t\t\t\t\t\t\t<img fetchpriority=\"high\" decoding=\"async\" width=\"600\" height=\"400\" src=\"https:\/\/okadmin.previewvanwebsite.nl\/wp-content\/uploads\/2025\/04\/Oposiciones-para-la-Administracion-Local-_-Euroinnova.jpeg\" class=\"attachment-full size-full wp-image-202\" alt=\"\" srcset=\"https:\/\/okadmin.previewvanwebsite.nl\/wp-content\/uploads\/2025\/04\/Oposiciones-para-la-Administracion-Local-_-Euroinnova.jpeg 600w, https:\/\/okadmin.previewvanwebsite.nl\/wp-content\/uploads\/2025\/04\/Oposiciones-para-la-Administracion-Local-_-Euroinnova-300x200.jpeg 300w\" sizes=\"(max-width: 600px) 100vw, 600px\" \/>\t\t\t\t\t\t\t\t\t\t\t\t\t\t\t<\/div>\n\t\t\t\t<\/div>\n\t\t\t\t<div class=\"elementor-element elementor-element-56eb71d6 elementor-widget elementor-widget-image\" data-id=\"56eb71d6\" data-element_type=\"widget\" data-widget_type=\"image.default\">\n\t\t\t\t<div class=\"elementor-widget-container\">\n\t\t\t\t\t\t\t\t\t\t\t\t\t\t\t<img decoding=\"async\" width=\"736\" height=\"736\" src=\"https:\/\/okadmin.previewvanwebsite.nl\/wp-content\/uploads\/2025\/02\/Why-Should-You-Have-An-Accountant-For-Your-Small-Business_.jpeg\" class=\"attachment-full size-full wp-image-80\" alt=\"\" srcset=\"https:\/\/okadmin.previewvanwebsite.nl\/wp-content\/uploads\/2025\/02\/Why-Should-You-Have-An-Accountant-For-Your-Small-Business_.jpeg 736w, https:\/\/okadmin.previewvanwebsite.nl\/wp-content\/uploads\/2025\/02\/Why-Should-You-Have-An-Accountant-For-Your-Small-Business_-300x300.jpeg 300w, https:\/\/okadmin.previewvanwebsite.nl\/wp-content\/uploads\/2025\/02\/Why-Should-You-Have-An-Accountant-For-Your-Small-Business_-150x150.jpeg 150w\" sizes=\"(max-width: 736px) 100vw, 736px\" \/>\t\t\t\t\t\t\t\t\t\t\t\t\t\t\t<\/div>\n\t\t\t\t<\/div>\n\t\t\t\t<\/div>\n\t\t\t\t<\/div>\n\t\t<div class=\"elementor-element elementor-element-454aa4f5 e-flex e-con-boxed e-con e-parent\" data-id=\"454aa4f5\" data-element_type=\"container\">\n\t\t\t\t\t<div class=\"e-con-inner\">\n\t\t\t\t<div class=\"elementor-element elementor-element-609f773c elementor-widget elementor-widget-heading\" data-id=\"609f773c\" data-element_type=\"widget\" data-widget_type=\"heading.default\">\n\t\t\t\t<div class=\"elementor-widget-container\">\n\t\t\t\t\t<h2 class=\"elementor-heading-title elementor-size-default\">Dlaczego OKADMIN?<\/h2>\t\t\t\t<\/div>\n\t\t\t\t<\/div>\n\t\t<div class=\"elementor-element elementor-element-4b6b586 e-con-full e-flex e-con e-child\" data-id=\"4b6b586\" data-element_type=\"container\">\n\t\t<div class=\"elementor-element elementor-element-6aa6c5dc e-con-full e-flex e-con e-child\" data-id=\"6aa6c5dc\" data-element_type=\"container\" data-settings=\"{&quot;background_background&quot;:&quot;classic&quot;}\">\n\t\t\t\t<div class=\"elementor-element elementor-element-38eb14e8 elementor-widget elementor-widget-heading\" data-id=\"38eb14e8\" data-element_type=\"widget\" data-widget_type=\"heading.default\">\n\t\t\t\t<div class=\"elementor-widget-container\">\n\t\t\t\t\t<h4 class=\"elementor-heading-title elementor-size-default\">Osobisty kontakt<\/h4>\t\t\t\t<\/div>\n\t\t\t\t<\/div>\n\t\t\t\t<div class=\"elementor-element elementor-element-7ea228fa elementor-widget-divider--view-line elementor-widget elementor-widget-divider\" data-id=\"7ea228fa\" data-element_type=\"widget\" data-widget_type=\"divider.default\">\n\t\t\t\t<div class=\"elementor-widget-container\">\n\t\t\t\t\t\t\t<div class=\"elementor-divider\">\n\t\t\t<span class=\"elementor-divider-separator\">\n\t\t\t\t\t\t<\/span>\n\t\t<\/div>\n\t\t\t\t\t\t<\/div>\n\t\t\t\t<\/div>\n\t\t\t\t<div class=\"elementor-element elementor-element-3c82ac01 elementor-widget__width-initial elementor-widget elementor-widget-text-editor\" data-id=\"3c82ac01\" data-element_type=\"widget\" data-widget_type=\"text-editor.default\">\n\t\t\t\t<div class=\"elementor-widget-container\">\n\t\t\t\t\t\t\t\t\t<p>Zawsze jeden sta\u0142y opiekun, kt\u00f3ry zna Twoj\u0105 firm\u0119.<\/p>\t\t\t\t\t\t\t\t<\/div>\n\t\t\t\t<\/div>\n\t\t\t\t<\/div>\n\t\t<div class=\"elementor-element elementor-element-689f8e89 e-con-full e-flex e-con e-child\" data-id=\"689f8e89\" data-element_type=\"container\" data-settings=\"{&quot;background_background&quot;:&quot;classic&quot;}\">\n\t\t\t\t<div class=\"elementor-element elementor-element-d509a35 elementor-widget elementor-widget-heading\" data-id=\"d509a35\" data-element_type=\"widget\" data-widget_type=\"heading.default\">\n\t\t\t\t<div class=\"elementor-widget-container\">\n\t\t\t\t\t<h4 class=\"elementor-heading-title elementor-size-default\">Niezawodny<\/h4>\t\t\t\t<\/div>\n\t\t\t\t<\/div>\n\t\t\t\t<div class=\"elementor-element elementor-element-43edb4eb elementor-widget-divider--view-line elementor-widget elementor-widget-divider\" data-id=\"43edb4eb\" data-element_type=\"widget\" data-widget_type=\"divider.default\">\n\t\t\t\t<div class=\"elementor-widget-container\">\n\t\t\t\t\t\t\t<div class=\"elementor-divider\">\n\t\t\t<span class=\"elementor-divider-separator\">\n\t\t\t\t\t\t<\/span>\n\t\t<\/div>\n\t\t\t\t\t\t<\/div>\n\t\t\t\t<\/div>\n\t\t\t\t<div class=\"elementor-element elementor-element-5b85cba elementor-widget elementor-widget-text-editor\" data-id=\"5b85cba\" data-element_type=\"widget\" data-widget_type=\"text-editor.default\">\n\t\t\t\t<div class=\"elementor-widget-container\">\n\t\t\t\t\t\t\t\t\t<p>Twoja ksi\u0119gowo\u015b\u0107 jest u nas w dobrych r\u0119kach<\/p>\t\t\t\t\t\t\t\t<\/div>\n\t\t\t\t<\/div>\n\t\t\t\t<\/div>\n\t\t<div class=\"elementor-element elementor-element-1b7d7832 e-con-full e-flex e-con e-child\" data-id=\"1b7d7832\" data-element_type=\"container\" data-settings=\"{&quot;background_background&quot;:&quot;classic&quot;}\">\n\t\t\t\t<div class=\"elementor-element elementor-element-57b42908 elementor-widget elementor-widget-heading\" data-id=\"57b42908\" data-element_type=\"widget\" data-widget_type=\"heading.default\">\n\t\t\t\t<div class=\"elementor-widget-container\">\n\t\t\t\t\t<h4 class=\"elementor-heading-title elementor-size-default\">My my\u015blimy razem z Tob\u0105<\/h4>\t\t\t\t<\/div>\n\t\t\t\t<\/div>\n\t\t\t\t<div class=\"elementor-element elementor-element-68e1194b elementor-widget-divider--view-line elementor-widget elementor-widget-divider\" data-id=\"68e1194b\" data-element_type=\"widget\" data-widget_type=\"divider.default\">\n\t\t\t\t<div class=\"elementor-widget-container\">\n\t\t\t\t\t\t\t<div class=\"elementor-divider\">\n\t\t\t<span class=\"elementor-divider-separator\">\n\t\t\t\t\t\t<\/span>\n\t\t<\/div>\n\t\t\t\t\t\t<\/div>\n\t\t\t\t<\/div>\n\t\t\t\t<div class=\"elementor-element elementor-element-45247fb7 elementor-widget elementor-widget-text-editor\" data-id=\"45247fb7\" data-element_type=\"widget\" data-widget_type=\"text-editor.default\">\n\t\t\t\t<div class=\"elementor-widget-container\">\n\t\t\t\t\t\t\t\t\t<p class=\"\" data-start=\"475\" data-end=\"561\">Od doradztwa podatkowego po strategie rozwoju \u2013 wspieramy Ci\u0119 na ka\u017cdym kroku.<\/p>\t\t\t\t\t\t\t\t<\/div>\n\t\t\t\t<\/div>\n\t\t\t\t<\/div>\n\t\t<div class=\"elementor-element elementor-element-5fa27416 e-con-full e-flex e-con e-child\" data-id=\"5fa27416\" data-element_type=\"container\" data-settings=\"{&quot;background_background&quot;:&quot;classic&quot;}\">\n\t\t\t\t<div class=\"elementor-element elementor-element-3a759ff elementor-widget elementor-widget-heading\" data-id=\"3a759ff\" data-element_type=\"widget\" data-widget_type=\"heading.default\">\n\t\t\t\t<div class=\"elementor-widget-container\">\n\t\t\t\t\t<h4 class=\"elementor-heading-title elementor-size-default\">Bez niespodzianek<\/h4>\t\t\t\t<\/div>\n\t\t\t\t<\/div>\n\t\t\t\t<div class=\"elementor-element elementor-element-d83f3d9 elementor-widget-divider--view-line elementor-widget elementor-widget-divider\" data-id=\"d83f3d9\" data-element_type=\"widget\" data-widget_type=\"divider.default\">\n\t\t\t\t<div class=\"elementor-widget-container\">\n\t\t\t\t\t\t\t<div class=\"elementor-divider\">\n\t\t\t<span class=\"elementor-divider-separator\">\n\t\t\t\t\t\t<\/span>\n\t\t<\/div>\n\t\t\t\t\t\t<\/div>\n\t\t\t\t<\/div>\n\t\t\t\t<div class=\"elementor-element elementor-element-2681ab39 elementor-widget elementor-widget-text-editor\" data-id=\"2681ab39\" data-element_type=\"widget\" data-widget_type=\"text-editor.default\">\n\t\t\t\t<div class=\"elementor-widget-container\">\n\t\t\t\t\t\t\t\t\t<p>Przejrzyste warunki i klarowne ceny<\/p>\t\t\t\t\t\t\t\t<\/div>\n\t\t\t\t<\/div>\n\t\t\t\t<\/div>\n\t\t\t\t<\/div>\n\t\t\t\t\t<\/div>\n\t\t\t\t<\/div>\n\t\t<div class=\"elementor-element elementor-element-2ac480f e-flex e-con-boxed e-con e-parent\" data-id=\"2ac480f\" data-element_type=\"container\">\n\t\t\t\t\t<div class=\"e-con-inner\">\n\t\t\t\t<div class=\"elementor-element elementor-element-991042b elementor-widget elementor-widget-text-editor\" data-id=\"991042b\" data-element_type=\"widget\" data-widget_type=\"text-editor.default\">\n\t\t\t\t<div class=\"elementor-widget-container\">\n\t\t\t\t\t\t\t\t\t<p>Lorem ipsum dolor sit amet, consectetur adipiscing elit. Ut elit tellus, luctus nec ullamcorper mattis, pulvinar dapibus leo.hnkbugjyfytxheztxtjcryvfyyfvttyjffttrdhdhfgyfdxghfcdrghfcderfhjfjvcfdhjvfcdjvmfrhfgcer<\/p>\t\t\t\t\t\t\t\t<\/div>\n\t\t\t\t<\/div>\n\t\t\t\t\t<\/div>\n\t\t\t\t<\/div>\n\t\t<div class=\"elementor-element elementor-element-3948402 e-flex e-con-boxed e-con e-parent\" data-id=\"3948402\" data-element_type=\"container\">\n\t\t\t\t\t<div class=\"e-con-inner\">\n\t\t\t\t<div class=\"elementor-element elementor-element-78ec37a elementor-widget elementor-widget-text-editor\" data-id=\"78ec37a\" data-element_type=\"widget\" data-widget_type=\"text-editor.default\">\n\t\t\t\t<div class=\"elementor-widget-container\">\n\t\t\t\t\t\t\t\t\t<p>Lorem ipsum dolor sit amet, consectetur adipiscing elit. Ut elit tellus, luctus nec ullamcorper mattis, pulvinar dapibus leo.<\/p>\t\t\t\t\t\t\t\t<\/div>\n\t\t\t\t<\/div>\n\t\t\t\t\t<\/div>\n\t\t\t\t<\/div>\n\t\t\t\t<\/div>","protected":false},"excerpt":{"rendered":"<p>Met OKADMIN weet je precies waar je aan toe bent Over Ons Bij OKADMIN draait alles om helderheid, betrouwbaarheid en persoonlijk contact. Wij zijn een modern accountancykantoor dat ondernemers helpt met hun administratie, belastingzaken en financi\u00eble planning. Of je nu net begint of al jaren een bedrijf runt \u2014 wij denken met je mee en [&hellip;]<\/p>","protected":false},"author":1,"featured_media":0,"parent":0,"menu_order":0,"comment_status":"closed","ping_status":"closed","template":"elementor_header_footer","meta":{"footnotes":""},"class_list":["post-32","page","type-page","status-publish","hentry"],"yoast_head":"<!-- This site is optimized with the Yoast SEO plugin v24.8 - https:\/\/yoast.com\/wordpress\/plugins\/seo\/ -->\n<title>Our Story - ...... . OK Admin<\/title>\n<meta name=\"robots\" content=\"noindex, follow, max-snippet:-1, max-image-preview:large, max-video-preview:-1\" \/>\n<meta property=\"og:locale\" content=\"pl_PL\" \/>\n<meta property=\"og:type\" content=\"article\" \/>\n<meta property=\"og:title\" content=\"Our Story - ...... . OK Admin\" \/>\n<meta property=\"og:description\" content=\"Met OKADMIN weet je precies waar je aan toe bent Over Ons Bij OKADMIN draait alles om helderheid, betrouwbaarheid en persoonlijk contact. Wij zijn een modern accountancykantoor dat ondernemers helpt met hun administratie, belastingzaken en financi\u00eble planning. Of je nu net begint of al jaren een bedrijf runt \u2014 wij denken met je mee en [&hellip;]\" \/>\n<meta property=\"og:url\" content=\"https:\/\/okadmin.previewvanwebsite.nl\/pl\/our-story\/\" \/>\n<meta property=\"og:site_name\" content=\"...... . OK Admin\" \/>\n<meta property=\"article:modified_time\" content=\"2025-04-10T10:11:31+00:00\" \/>\n<meta property=\"og:image\" content=\"https:\/\/okadmin.previewvanwebsite.nl\/wp-content\/uploads\/2025\/04\/Oposiciones-para-la-Administracion-Local-_-Euroinnova.jpeg\" \/>\n\t<meta property=\"og:image:width\" content=\"600\" \/>\n\t<meta property=\"og:image:height\" content=\"400\" \/>\n\t<meta property=\"og:image:type\" content=\"image\/jpeg\" \/>\n<meta name=\"twitter:card\" content=\"summary_large_image\" \/>\n<meta name=\"twitter:label1\" content=\"Szacowany czas czytania\" \/>\n\t<meta name=\"twitter:data1\" content=\"2 minuty\" \/>\n<script type=\"application\/ld+json\" class=\"yoast-schema-graph\">{\"@context\":\"https:\/\/schema.org\",\"@graph\":[{\"@type\":\"WebPage\",\"@id\":\"https:\/\/okadmin.previewvanwebsite.nl\/our-story\/\",\"url\":\"https:\/\/okadmin.previewvanwebsite.nl\/our-story\/\",\"name\":\"Our Story - ...... . OK Admin\",\"isPartOf\":{\"@id\":\"https:\/\/okadmin.previewvanwebsite.nl\/#website\"},\"primaryImageOfPage\":{\"@id\":\"https:\/\/okadmin.previewvanwebsite.nl\/our-story\/#primaryimage\"},\"image\":{\"@id\":\"https:\/\/okadmin.previewvanwebsite.nl\/our-story\/#primaryimage\"},\"thumbnailUrl\":\"https:\/\/okadmin.previewvanwebsite.nl\/wp-content\/uploads\/2025\/04\/Oposiciones-para-la-Administracion-Local-_-Euroinnova.jpeg\",\"datePublished\":\"2024-12-17T19:38:54+00:00\",\"dateModified\":\"2025-04-10T10:11:31+00:00\",\"breadcrumb\":{\"@id\":\"https:\/\/okadmin.previewvanwebsite.nl\/our-story\/#breadcrumb\"},\"inLanguage\":\"pl-PL\",\"potentialAction\":[{\"@type\":\"ReadAction\",\"target\":[\"https:\/\/okadmin.previewvanwebsite.nl\/our-story\/\"]}]},{\"@type\":\"ImageObject\",\"inLanguage\":\"pl-PL\",\"@id\":\"https:\/\/okadmin.previewvanwebsite.nl\/our-story\/#primaryimage\",\"url\":\"https:\/\/okadmin.previewvanwebsite.nl\/wp-content\/uploads\/2025\/04\/Oposiciones-para-la-Administracion-Local-_-Euroinnova.jpeg\",\"contentUrl\":\"https:\/\/okadmin.previewvanwebsite.nl\/wp-content\/uploads\/2025\/04\/Oposiciones-para-la-Administracion-Local-_-Euroinnova.jpeg\"},{\"@type\":\"BreadcrumbList\",\"@id\":\"https:\/\/okadmin.previewvanwebsite.nl\/our-story\/#breadcrumb\",\"itemListElement\":[{\"@type\":\"ListItem\",\"position\":1,\"name\":\"Home\",\"item\":\"https:\/\/okadmin.previewvanwebsite.nl\/\"},{\"@type\":\"ListItem\",\"position\":2,\"name\":\"Our Story\"}]},{\"@type\":\"WebSite\",\"@id\":\"https:\/\/okadmin.previewvanwebsite.nl\/#website\",\"url\":\"https:\/\/okadmin.previewvanwebsite.nl\/\",\"name\":\"...... . OK Admin\",\"description\":\"\",\"potentialAction\":[{\"@type\":\"SearchAction\",\"target\":{\"@type\":\"EntryPoint\",\"urlTemplate\":\"https:\/\/okadmin.previewvanwebsite.nl\/?s={search_term_string}\"},\"query-input\":{\"@type\":\"PropertyValueSpecification\",\"valueRequired\":true,\"valueName\":\"search_term_string\"}}],\"inLanguage\":\"pl-PL\"}]}<\/script>\n<!-- \/ Yoast SEO plugin. -->","yoast_head_json":{"title":"Our Story - ...... . OK Admin","robots":{"index":"noindex","follow":"follow","max-snippet":"max-snippet:-1","max-image-preview":"max-image-preview:large","max-video-preview":"max-video-preview:-1"},"og_locale":"pl_PL","og_type":"article","og_title":"Our Story - ...... . OK Admin","og_description":"Met OKADMIN weet je precies waar je aan toe bent Over Ons Bij OKADMIN draait alles om helderheid, betrouwbaarheid en persoonlijk contact. Wij zijn een modern accountancykantoor dat ondernemers helpt met hun administratie, belastingzaken en financi\u00eble planning. Of je nu net begint of al jaren een bedrijf runt \u2014 wij denken met je mee en [&hellip;]","og_url":"https:\/\/okadmin.previewvanwebsite.nl\/pl\/our-story\/","og_site_name":"...... . OK Admin","article_modified_time":"2025-04-10T10:11:31+00:00","og_image":[{"width":600,"height":400,"url":"https:\/\/okadmin.previewvanwebsite.nl\/wp-content\/uploads\/2025\/04\/Oposiciones-para-la-Administracion-Local-_-Euroinnova.jpeg","type":"image\/jpeg"}],"twitter_card":"summary_large_image","twitter_misc":{"Szacowany czas czytania":"2 minuty"},"schema":{"@context":"https:\/\/schema.org","@graph":[{"@type":"WebPage","@id":"https:\/\/okadmin.previewvanwebsite.nl\/our-story\/","url":"https:\/\/okadmin.previewvanwebsite.nl\/our-story\/","name":"Our Story - ...... . OK Admin","isPartOf":{"@id":"https:\/\/okadmin.previewvanwebsite.nl\/#website"},"primaryImageOfPage":{"@id":"https:\/\/okadmin.previewvanwebsite.nl\/our-story\/#primaryimage"},"image":{"@id":"https:\/\/okadmin.previewvanwebsite.nl\/our-story\/#primaryimage"},"thumbnailUrl":"https:\/\/okadmin.previewvanwebsite.nl\/wp-content\/uploads\/2025\/04\/Oposiciones-para-la-Administracion-Local-_-Euroinnova.jpeg","datePublished":"2024-12-17T19:38:54+00:00","dateModified":"2025-04-10T10:11:31+00:00","breadcrumb":{"@id":"https:\/\/okadmin.previewvanwebsite.nl\/our-story\/#breadcrumb"},"inLanguage":"pl-PL","potentialAction":[{"@type":"ReadAction","target":["https:\/\/okadmin.previewvanwebsite.nl\/our-story\/"]}]},{"@type":"ImageObject","inLanguage":"pl-PL","@id":"https:\/\/okadmin.previewvanwebsite.nl\/our-story\/#primaryimage","url":"https:\/\/okadmin.previewvanwebsite.nl\/wp-content\/uploads\/2025\/04\/Oposiciones-para-la-Administracion-Local-_-Euroinnova.jpeg","contentUrl":"https:\/\/okadmin.previewvanwebsite.nl\/wp-content\/uploads\/2025\/04\/Oposiciones-para-la-Administracion-Local-_-Euroinnova.jpeg"},{"@type":"BreadcrumbList","@id":"https:\/\/okadmin.previewvanwebsite.nl\/our-story\/#breadcrumb","itemListElement":[{"@type":"ListItem","position":1,"name":"Home","item":"https:\/\/okadmin.previewvanwebsite.nl\/"},{"@type":"ListItem","position":2,"name":"Our Story"}]},{"@type":"WebSite","@id":"https:\/\/okadmin.previewvanwebsite.nl\/#website","url":"https:\/\/okadmin.previewvanwebsite.nl\/","name":"...... . OK Admin","description":"","potentialAction":[{"@type":"SearchAction","target":{"@type":"EntryPoint","urlTemplate":"https:\/\/okadmin.previewvanwebsite.nl\/?s={search_term_string}"},"query-input":{"@type":"PropertyValueSpecification","valueRequired":true,"valueName":"search_term_string"}}],"inLanguage":"pl-PL"}]}},"_links":{"self":[{"href":"https:\/\/okadmin.previewvanwebsite.nl\/pl\/wp-json\/wp\/v2\/pages\/32","targetHints":{"allow":["GET"]}}],"collection":[{"href":"https:\/\/okadmin.previewvanwebsite.nl\/pl\/wp-json\/wp\/v2\/pages"}],"about":[{"href":"https:\/\/okadmin.previewvanwebsite.nl\/pl\/wp-json\/wp\/v2\/types\/page"}],"author":[{"embeddable":true,"href":"https:\/\/okadmin.previewvanwebsite.nl\/pl\/wp-json\/wp\/v2\/users\/1"}],"replies":[{"embeddable":true,"href":"https:\/\/okadmin.previewvanwebsite.nl\/pl\/wp-json\/wp\/v2\/comments?post=32"}],"version-history":[{"count":28,"href":"https:\/\/okadmin.previewvanwebsite.nl\/pl\/wp-json\/wp\/v2\/pages\/32\/revisions"}],"predecessor-version":[{"id":327,"href":"https:\/\/okadmin.previewvanwebsite.nl\/pl\/wp-json\/wp\/v2\/pages\/32\/revisions\/327"}],"wp:attachment":[{"href":"https:\/\/okadmin.previewvanwebsite.nl\/pl\/wp-json\/wp\/v2\/media?parent=32"}],"curies":[{"name":"wp","href":"https:\/\/api.w.org\/{rel}","templated":true}]}}